{"id":128,"date":"2018-11-06T11:54:19","date_gmt":"2018-11-06T13:54:19","guid":{"rendered":"http:\/\/vitadermatologiaelaser.com.br\/?page_id=128"},"modified":"2021-04-29T15:05:13","modified_gmt":"2021-04-29T18:05:13","slug":"peelings","status":"publish","type":"page","link":"https:\/\/vitadermatologia.com.br\/?page_id=128","title":{"rendered":"Peelings"},"content":{"rendered":"<div class=\"wpb-content-wrapper\"><p>[vc_row full_width=&#8221;stretch_row&#8221; full_height=&#8221;yes&#8221; bg_type=&#8221;image&#8221; parallax_style=&#8221;vcpb-default&#8221; bg_image_new=&#8221;id^358|url^https:\/\/vitadermatologia.com.brwp-content\/uploads\/2021\/03\/peeling-fisico.jpg|caption^null|alt^null|title^peeling-f\u00edsico|description^null&#8221; enable_overlay=&#8221;enable_overlay_value&#8221; overlay_color=&#8221;#000000&#8243; overlay_pattern_opacity=&#8221;80&#8243; css=&#8221;.vc_custom_1615564409844{margin-bottom: 50px !important;}&#8221;][vc_column width=&#8221;2\/3&#8243; custom_w=&#8221;&#8221;]<div id=\"ultimate-heading-828869f96232b1b3a\" class=\"uvc-heading ult-adjust-bottom-margin ultimate-heading-828869f96232b1b3a uvc-1736 \" data-hspacer=\"no_spacer\"  data-halign=\"left\" style=\"text-align:left\"><div class=\"uvc-heading-spacer no_spacer\" style=\"top\"><\/div><div class=\"uvc-main-heading ult-responsive\"  data-ultimate-target='.uvc-heading.ultimate-heading-828869f96232b1b3a h2'  data-responsive-json-new='{\"font-size\":\"desktop:42px;\",\"line-height\":\"\"}' ><h2 style=\"font-weight:bold;color:#ffffff;margin-bottom:20px;\">Peelings<\/h2><\/div><\/div>[\/vc_column][vc_column width=&#8221;1\/3&#8243;][\/vc_column][\/vc_row][vc_row full_width=&#8221;stretch_row_content&#8221; css=&#8221;.vc_custom_1611948177477{margin-bottom: 50px !important;padding-right: 150px !important;padding-left: 150px !important;}&#8221;][vc_column width=&#8221;1\/2&#8243; custom_w=&#8221;&#8221; css=&#8221;.vc_custom_1611951525682{padding-right: 50px !important;}&#8221;][vc_column_text]<\/p>\n<p style=\"text-align: justify;\"><span style=\"font-size: 12pt;\"><b>Peeling de cristal<\/b><\/span><br \/>\n<span style=\"font-size: 12pt;\">Pele mais bonita e rejuvenescida com esfolia\u00e7\u00e3o mec\u00e2nica que libera cristais de hidr\u00f3xido de alum\u00ednio! O resultado \u00e9 uma melhora geral da c\u00fatis, rugas superficiais, cravos, poros dilatados e manchas. Remove a camada mais superficial da pele, estimula a renova\u00e7\u00e3o celular e produ\u00e7\u00e3o de col\u00e1geno.<\/span><\/p>\n<p style=\"text-align: justify;\"><span style=\"font-size: 12pt;\"><b>Peeling de diamante<\/b><br \/>\nEsfolia\u00e7\u00e3o profunda da pele, por meio da microdermoabras\u00e3o, remove as c\u00e9lulas mortas da camada mais superficial da pele. Eficiente no combate a manchas e rugas superficiais! Apesar de ser mais indicado para tratamentos faciais, tamb\u00e9m pode ser realizado\u00a0em outras regi\u00f5es do corpo como pesco\u00e7o, colo, bra\u00e7os e costas. Estimula a produ\u00e7\u00e3o de col\u00e1geno e elastina, elementos fundamentais para manter a pele firme e uniforme.<\/span><\/p>\n<p style=\"text-align: justify;\"><span style=\"font-size: 12pt;\"><b>Peeling qu\u00edmico<\/b><br \/>\n<\/span><span style=\"font-size: 12pt;\">Peeling qu\u00edmico superficial: Este tipo de peeling remove a camada mais superficial da pele com uma esfolia\u00e7\u00e3o leve, resultando num brilho saud\u00e1vel. A escolha certa para manchas, acne ou rugas superficiais. Peeling qu\u00edmico m\u00e9dio: Indicado para cicatrizes de acne, rugas mais profundas e manchas. Esse peeling remove as c\u00e9lulas da camada superficial e m\u00e9dia da pele (epiderme). Esse tipo de tratamento \u00e9 respons\u00e1vel por uma maior remodela\u00e7\u00e3o da pele e produ\u00e7\u00e3o de col\u00e1geno.<\/span><\/p>\n<p>[\/vc_column_text][\/vc_column][vc_column width=&#8221;1\/2&#8243; custom_w=&#8221;&#8221; css=&#8221;.vc_custom_1612625327593{padding-right: 40px !important;padding-left: 40px !important;background-color: #00a8a5 !important;}&#8221;]<div id=\"ultimate-heading-760469f96232b1b79\" class=\"uvc-heading ult-adjust-bottom-margin ultimate-heading-760469f96232b1b79 uvc-3322 \" data-hspacer=\"no_spacer\"  data-halign=\"left\" style=\"text-align:left\"><div class=\"uvc-heading-spacer no_spacer\" style=\"top\"><\/div><div class=\"uvc-main-heading ult-responsive\"  data-ultimate-target='.uvc-heading.ultimate-heading-760469f96232b1b79 h3'  data-responsive-json-new='{\"font-size\":\"\",\"line-height\":\"\"}' ><h3 style=\"font-weight:normal;color:#ffffff;margin-bottom:30px;\">Entre em contato com a nossa equipe!<\/h3><\/div><\/div><div role=\"form\" class=\"wpcf7\" id=\"wpcf7-f59-o1\" lang=\"pt-BR\" dir=\"ltr\">\n<div class=\"screen-reader-response\"><p role=\"status\" aria-live=\"polite\" aria-atomic=\"true\"><\/p> <ul><\/ul><\/div>\n<form action=\"\/index.php?rest_route=%2Fwp%2Fv2%2Fpages%2F128#wpcf7-f59-o1\" method=\"post\" class=\"wpcf7-form init\" novalidate=\"novalidate\" data-status=\"init\">\n<div style=\"display: none;\">\n<input type=\"hidden\" name=\"_wpcf7\" value=\"59\" \/>\n<input type=\"hidden\" name=\"_wpcf7_version\" value=\"5.3.2\" \/>\n<input type=\"hidden\" name=\"_wpcf7_locale\" value=\"pt_BR\" \/>\n<input type=\"hidden\" name=\"_wpcf7_unit_tag\" value=\"wpcf7-f59-o1\" \/>\n<input type=\"hidden\" name=\"_wpcf7_container_post\" value=\"0\" \/>\n<input type=\"hidden\" name=\"_wpcf7_posted_data_hash\" value=\"\" \/>\n<\/div>\n<p><span class=\"wpcf7-form-control-wrap your-name\"><input type=\"text\" name=\"your-name\" value=\"\" size=\"40\" class=\"wpcf7-form-control wpcf7-text wpcf7-validates-as-required formulario\" aria-required=\"true\" aria-invalid=\"false\" placeholder=\"Nome\" \/><\/span><br \/>\n<span class=\"wpcf7-form-control-wrap your-whatsapp\"><input type=\"text\" name=\"your-whatsapp\" value=\"\" size=\"40\" class=\"wpcf7-form-control wpcf7-text wpcf7-validates-as-required formulario\" aria-required=\"true\" aria-invalid=\"false\" placeholder=\"WhatsApp\" \/><\/span><br \/>\n<span class=\"wpcf7-form-control-wrap your-email\"><input type=\"email\" name=\"your-email\" value=\"\" size=\"40\" class=\"wpcf7-form-control wpcf7-text wpcf7-email wpcf7-validates-as-required wpcf7-validates-as-email formulario\" aria-required=\"true\" aria-invalid=\"false\" placeholder=\"E-mail\" \/><\/span><br \/>\n<span class=\"wpcf7-form-control-wrap your-mensagem\"><textarea name=\"your-mensagem\" cols=\"40\" rows=\"10\" class=\"wpcf7-form-control wpcf7-textarea wpcf7-validates-as-required formulario\" aria-required=\"true\" aria-invalid=\"false\" placeholder=\"Mensagem\"><\/textarea><\/span><br \/>\n<input type=\"submit\" value=\"Enviar\" class=\"wpcf7-form-control wpcf7-submit botao\" \/><\/p>\n<div class=\"wpcf7-response-output\" aria-hidden=\"true\"><\/div><\/form><\/div>[\/vc_column][\/vc_row]<\/p>\n<\/div>","protected":false},"excerpt":{"rendered":"<p>[vc_row full_width=&#8221;stretch_row&#8221; full_height=&#8221;yes&#8221; bg_type=&#8221;image&#8221; parallax_style=&#8221;vcpb-default&#8221; bg_image_new=&#8221;id^358|url^https:\/\/vitadermatologia.com.brwp-content\/uploads\/2021\/03\/peeling-fisico.jpg|caption^null|alt^null|title^peeling-f\u00edsico|description^null&#8221; enable_overlay=&#8221;enable_overlay_value&#8221; overlay_color=&#8221;#000000&#8243; overlay_pattern_opacity=&#8221;80&#8243; css=&#8221;.vc_custom_1615564409844{margin-bottom: 50px !important;}&#8221;][vc_column width=&#8221;2\/3&#8243; custom_w=&#8221;&#8221;][\/vc_column][vc_column width=&#8221;1\/3&#8243;][\/vc_column][\/vc_row][vc_row full_width=&#8221;stretch_row_content&#8221; css=&#8221;.vc_custom_1611948177477{margin-bottom: 50px !important;padding-right: 150px !important;padding-left: 150px !important;}&#8221;][vc_column width=&#8221;1\/2&#8243; custom_w=&#8221;&#8221; css=&#8221;.vc_custom_1611951525682{padding-right:<span class=\"excerpt-hellip\"> [\u2026]<\/span><\/p>\n","protected":false},"author":1,"featured_media":0,"parent":668,"menu_order":0,"comment_status":"closed","ping_status":"closed","template":"","meta":{"footnotes":""},"class_list":["post-128","page","type-page","status-publish","hentry"],"yoast_head":"<!-- This site is optimized with the Yoast SEO plugin v16.3 - https:\/\/yoast.com\/wordpress\/plugins\/seo\/ -->\n<title>Peelings - Vita Cl\u00ednica<\/title>\n<meta name=\"robots\" content=\"index, follow, max-snippet:-1, max-image-preview:large, max-video-preview:-1\" \/>\n<link rel=\"canonical\" href=\"https:\/\/vitadermatologia.com.br\/?page_id=128\" \/>\n<meta property=\"og:locale\" content=\"pt_BR\" \/>\n<meta property=\"og:type\" content=\"article\" \/>\n<meta property=\"og:title\" content=\"Peelings - Vita Cl\u00ednica\" \/>\n<meta property=\"og:description\" content=\"[vc_row full_width=&#8221;stretch_row&#8221; full_height=&#8221;yes&#8221; bg_type=&#8221;image&#8221; parallax_style=&#8221;vcpb-default&#8221; bg_image_new=&#8221;id^358|url^https:\/\/vitadermatologia.com.brwp-content\/uploads\/2021\/03\/peeling-fisico.jpg|caption^null|alt^null|title^peeling-f\u00edsico|description^null&#8221; enable_overlay=&#8221;enable_overlay_value&#8221; overlay_color=&#8221;#000000&#8243; overlay_pattern_opacity=&#8221;80&#8243; css=&#8221;.vc_custom_1615564409844{margin-bottom: 50px !important;}&#8221;][vc_column width=&#8221;2\/3&#8243; custom_w=&#8221;&#8221;][\/vc_column][vc_column width=&#8221;1\/3&#8243;][\/vc_column][\/vc_row][vc_row full_width=&#8221;stretch_row_content&#8221; css=&#8221;.vc_custom_1611948177477{margin-bottom: 50px !important;padding-right: 150px !important;padding-left: 150px !important;}&#8221;][vc_column width=&#8221;1\/2&#8243; custom_w=&#8221;&#8221; css=&#8221;.vc_custom_1611951525682{padding-right: [\u2026]\" \/>\n<meta property=\"og:url\" content=\"https:\/\/vitadermatologia.com.br\/?page_id=128\" \/>\n<meta property=\"og:site_name\" content=\"Vita Cl\u00ednica\" \/>\n<meta property=\"article:modified_time\" content=\"2021-04-29T18:05:13+00:00\" \/>\n<meta name=\"twitter:card\" content=\"summary_large_image\" \/>\n<meta name=\"twitter:label1\" content=\"Est. tempo de leitura\">\n\t<meta name=\"twitter:data1\" content=\"2 minutos\">\n<script type=\"application\/ld+json\" class=\"yoast-schema-graph\">{\"@context\":\"https:\/\/schema.org\",\"@graph\":[{\"@type\":\"WebSite\",\"@id\":\"https:\/\/vitadermatologia.com.br\/#website\",\"url\":\"https:\/\/vitadermatologia.com.br\/\",\"name\":\"Vita Cl\\u00ednica\",\"description\":\"Dermatologia\",\"potentialAction\":[{\"@type\":\"SearchAction\",\"target\":\"https:\/\/vitadermatologia.com.br\/?s={search_term_string}\",\"query-input\":\"required name=search_term_string\"}],\"inLanguage\":\"pt-BR\"},{\"@type\":\"WebPage\",\"@id\":\"https:\/\/vitadermatologia.com.br\/?page_id=128#webpage\",\"url\":\"https:\/\/vitadermatologia.com.br\/?page_id=128\",\"name\":\"Peelings - Vita Cl\\u00ednica\",\"isPartOf\":{\"@id\":\"https:\/\/vitadermatologia.com.br\/#website\"},\"datePublished\":\"2018-11-06T13:54:19+00:00\",\"dateModified\":\"2021-04-29T18:05:13+00:00\",\"breadcrumb\":{\"@id\":\"https:\/\/vitadermatologia.com.br\/?page_id=128#breadcrumb\"},\"inLanguage\":\"pt-BR\",\"potentialAction\":[{\"@type\":\"ReadAction\",\"target\":[\"https:\/\/vitadermatologia.com.br\/?page_id=128\"]}]},{\"@type\":\"BreadcrumbList\",\"@id\":\"https:\/\/vitadermatologia.com.br\/?page_id=128#breadcrumb\",\"itemListElement\":[{\"@type\":\"ListItem\",\"position\":1,\"item\":{\"@type\":\"WebPage\",\"@id\":\"https:\/\/vitadermatologia.com.br\/\",\"url\":\"https:\/\/vitadermatologia.com.br\/\",\"name\":\"In\\u00edcio\"}},{\"@type\":\"ListItem\",\"position\":2,\"item\":{\"@type\":\"WebPage\",\"@id\":\"https:\/\/vitadermatologia.com.br\/?page_id=668\",\"url\":\"https:\/\/vitadermatologia.com.br\/?page_id=668\",\"name\":\"Faciais\"}},{\"@type\":\"ListItem\",\"position\":3,\"item\":{\"@id\":\"https:\/\/vitadermatologia.com.br\/?page_id=128#webpage\"}}]}]}<\/script>\n<!-- \/ Yoast SEO plugin. -->","_links":{"self":[{"href":"https:\/\/vitadermatologia.com.br\/index.php?rest_route=\/wp\/v2\/pages\/128"}],"collection":[{"href":"https:\/\/vitadermatologia.com.br\/index.php?rest_route=\/wp\/v2\/pages"}],"about":[{"href":"https:\/\/vitadermatologia.com.br\/index.php?rest_route=\/wp\/v2\/types\/page"}],"author":[{"embeddable":true,"href":"https:\/\/vitadermatologia.com.br\/index.php?rest_route=\/wp\/v2\/users\/1"}],"replies":[{"embeddable":true,"href":"https:\/\/vitadermatologia.com.br\/index.php?rest_route=%2Fwp%2Fv2%2Fcomments&post=128"}],"version-history":[{"count":5,"href":"https:\/\/vitadermatologia.com.br\/index.php?rest_route=\/wp\/v2\/pages\/128\/revisions"}],"predecessor-version":[{"id":642,"href":"https:\/\/vitadermatologia.com.br\/index.php?rest_route=\/wp\/v2\/pages\/128\/revisions\/642"}],"up":[{"embeddable":true,"href":"https:\/\/vitadermatologia.com.br\/index.php?rest_route=\/wp\/v2\/pages\/668"}],"wp:attachment":[{"href":"https:\/\/vitadermatologia.com.br\/index.php?rest_route=%2Fwp%2Fv2%2Fmedia&parent=128"}],"curies":[{"name":"wp","href":"https:\/\/api.w.org\/{rel}","templated":true}]}}