{"id":138,"date":"2018-11-06T12:07:02","date_gmt":"2018-11-06T14:07:02","guid":{"rendered":"http:\/\/vitadermatologiaelaser.com.br\/?page_id=138"},"modified":"2021-05-21T16:35:58","modified_gmt":"2021-05-21T19:35:58","slug":"bioestimuladores","status":"publish","type":"page","link":"https:\/\/vitadermatologia.com.br\/?page_id=138","title":{"rendered":"Bioestimuladores"},"content":{"rendered":"<div class=\"wpb-content-wrapper\"><p>[vc_row full_width=&#8221;stretch_row&#8221; full_height=&#8221;yes&#8221; bg_type=&#8221;image&#8221; parallax_style=&#8221;vcpb-default&#8221; bg_image_new=&#8221;id^690|url^https:\/\/vitadermatologia.com.brwp-content\/uploads\/2021\/04\/5fb461844c346pele-negra-1454349279208_1920x1174.jpg|caption^null|alt^null|title^5fb461844c346pele-negra-1454349279208_1920x1174|description^null&#8221; enable_overlay=&#8221;enable_overlay_value&#8221; overlay_color=&#8221;#000000&#8243; overlay_pattern_opacity=&#8221;80&#8243; css=&#8221;.vc_custom_1619716075473{margin-bottom: 50px !important;}&#8221;][vc_column width=&#8221;2\/3&#8243; custom_w=&#8221;&#8221;]<div id=\"ultimate-heading-856569fa3313b5ade\" class=\"uvc-heading ult-adjust-bottom-margin ultimate-heading-856569fa3313b5ade uvc-3369 \" data-hspacer=\"no_spacer\"  data-halign=\"left\" style=\"text-align:left\"><div class=\"uvc-heading-spacer no_spacer\" style=\"top\"><\/div><div class=\"uvc-main-heading ult-responsive\"  data-ultimate-target='.uvc-heading.ultimate-heading-856569fa3313b5ade h2'  data-responsive-json-new='{\"font-size\":\"desktop:42px;\",\"line-height\":\"\"}' ><h2 style=\"font-weight:bold;color:#ffffff;margin-bottom:20px;\">Bioestimuladores<\/h2><\/div><\/div>[\/vc_column][vc_column width=&#8221;1\/3&#8243;][\/vc_column][\/vc_row][vc_row full_width=&#8221;stretch_row_content&#8221; css=&#8221;.vc_custom_1611948177477{margin-bottom: 50px !important;padding-right: 150px !important;padding-left: 150px !important;}&#8221;][vc_column width=&#8221;1\/2&#8243; custom_w=&#8221;&#8221; css=&#8221;.vc_custom_1611951525682{padding-right: 50px !important;}&#8221;][vc_column_text]<\/p>\n<p style=\"text-align: justify;\"><span style=\"font-size: 12pt;\"><b>Sculptra\u00ae<\/b>\u00a0\u00e9 um procedimento est\u00e9tico injet\u00e1vel da marca Galderma conhecido mundialmente. \u00c9 um dos\u00a0tratamentos mais eficientes\u00a0do mercado para quem deseja\u00a0ativar a forma\u00e7\u00e3o de col\u00e1geno da pele, j\u00e1 que aumenta em at\u00e9 400% a produ\u00e7\u00e3o depois de aplicado.<\/span><\/p>\n<p style=\"text-align: justify;\"><span style=\"font-size: 12pt;\">O Sculptra\u00ae \u00e9 indicado para homens e mulheres que desejam rejuvenescer a pele, tratar ou prevenir a flacidez e, em alguns casos, at\u00e9 rugas. O procedimento pode ser aplicado n\u00e3o s\u00f3 no rosto e pesco\u00e7o, mas tamb\u00e9m nos bra\u00e7os, abd\u00f4men, coxas e gl\u00fateos.<\/span><\/p>\n<p style=\"text-align: justify;\"><span style=\"font-size: 12pt;\">O procedimento tamb\u00e9m \u00e9 indicado para pessoas que apresentam perda de volume da face em decorr\u00eancia de grande emagrecimento ou at\u00e9 mesmo para corredores e atletas.<\/span><\/p>\n<h3 style=\"text-align: justify;\"><span style=\"font-size: 12pt;\"><strong>Benef\u00edcios do Sculptra\u00ae<\/strong><\/span><\/h3>\n<p style=\"text-align: justify;\"><span style=\"font-size: 12pt;\">Os resultados do Sculptra\u00ae s\u00e3o surpreendentes e eficazes. Em apenas uma sess\u00e3o j\u00e1 \u00e9 poss\u00edvel ver os incr\u00edveis resultados.<\/span><\/p>\n<p style=\"text-align: justify;\"><span style=\"font-size: 12pt;\">Al\u00e9m de tratar a flacidez, o Sculptra\u00ae faz com que a produ\u00e7\u00e3o de col\u00e1geno seja acelerada, aumentando a espessura da pele e suavizando as linhas de express\u00e3o do rosto. Al\u00e9m disso, ele corrige o contorno da face, de acordo com o seu objetivo.<\/span><\/p>\n<p style=\"text-align: justify;\"><span style=\"font-size: 12pt;\">Al\u00e9m disso, nos bra\u00e7os ele reduz o enrugamento e a flacidez da pele. No abd\u00f4men ele torna a pele mais firme, especialmente depois do parto ou de um p\u00f3s-operat\u00f3rio. Nos gl\u00fateos (bumbum) ajuda a aumentar o volume e corrigir desn\u00edveis, tamb\u00e9m reduzindo a flacidez. Nas coxas ele auxilia a reduzir a flacidez na parte interna da regi\u00e3o.<\/span><\/p>\n<p><span style=\"font-size: 12pt;\">Radiesse\u00ae \u00e9 um bioestimulador cut\u00e2neo injet\u00e1vel; um gel composto de<b>\u00a0hidroxiapatita de c\u00e1lcio<\/b>, subst\u00e2ncia biocompat\u00edvel, absorv\u00edvel pelo organismo, que tem fosfato e c\u00e1lcio na sua formula\u00e7\u00e3o. A aplica\u00e7\u00e3o do produto devolve o volume \u00e0 pele, reduzindo os sinais de envelhecimento em regi\u00f5es como o rosto e as m\u00e3os. Veja abaixo e conhe\u00e7a mais sobre o procedimento:<\/span><\/p>\n<h3><strong><span style=\"font-size: 12pt;\">Como o Radiesse\u00ae funciona<\/span><\/strong><\/h3>\n<p><span style=\"font-size: 12pt;\">A aplica\u00e7\u00e3o de Radiesse\u00ae promove um processo inflamat\u00f3rio controlado na pele. Ao mesmo tempo em que a subst\u00e2ncia \u00e9 absorvida, ela atrai tamb\u00e9m c\u00e9lulas de defesa, que v\u00e3o estimular a produ\u00e7\u00e3o de novo col\u00e1geno por parte dos fibroblastos. \u00c9 por isso que chamamos esse produto de bioestimulador. A estimula\u00e7\u00e3o do col\u00e1geno acarreta diversos benef\u00edcios para a pele, como:<\/span><\/p>\n<ul>\n<li><span style=\"font-size: 12pt;\">Redu\u00e7\u00e3o da flacidez<\/span><\/li>\n<li><span style=\"font-size: 12pt;\">Maior firmeza<\/span><\/li>\n<li><span style=\"font-size: 12pt;\">Elasticidade\u00a0<\/span><\/li>\n<li><span style=\"font-size: 12pt;\">Melhora de textura<\/span><\/li>\n<\/ul>\n<p>[\/vc_column_text][\/vc_column][vc_column width=&#8221;1\/2&#8243; custom_w=&#8221;&#8221; css=&#8221;.vc_custom_1612625327593{padding-right: 40px !important;padding-left: 40px !important;background-color: #00a8a5 !important;}&#8221;]<div id=\"ultimate-heading-467769fa3313b5b25\" class=\"uvc-heading ult-adjust-bottom-margin ultimate-heading-467769fa3313b5b25 uvc-1775 \" data-hspacer=\"no_spacer\"  data-halign=\"left\" style=\"text-align:left\"><div class=\"uvc-heading-spacer no_spacer\" style=\"top\"><\/div><div class=\"uvc-main-heading ult-responsive\"  data-ultimate-target='.uvc-heading.ultimate-heading-467769fa3313b5b25 h3'  data-responsive-json-new='{\"font-size\":\"\",\"line-height\":\"\"}' ><h3 style=\"font-weight:normal;color:#ffffff;margin-bottom:30px;\">Entre em contato com a nossa equipe!<\/h3><\/div><\/div><div role=\"form\" class=\"wpcf7\" id=\"wpcf7-f59-o1\" lang=\"pt-BR\" dir=\"ltr\">\n<div class=\"screen-reader-response\"><p role=\"status\" aria-live=\"polite\" aria-atomic=\"true\"><\/p> <ul><\/ul><\/div>\n<form action=\"\/index.php?rest_route=%2Fwp%2Fv2%2Fpages%2F138#wpcf7-f59-o1\" method=\"post\" class=\"wpcf7-form init\" novalidate=\"novalidate\" data-status=\"init\">\n<div style=\"display: none;\">\n<input type=\"hidden\" name=\"_wpcf7\" value=\"59\" \/>\n<input type=\"hidden\" name=\"_wpcf7_version\" value=\"5.3.2\" \/>\n<input type=\"hidden\" name=\"_wpcf7_locale\" value=\"pt_BR\" \/>\n<input type=\"hidden\" name=\"_wpcf7_unit_tag\" value=\"wpcf7-f59-o1\" \/>\n<input type=\"hidden\" name=\"_wpcf7_container_post\" value=\"0\" \/>\n<input type=\"hidden\" name=\"_wpcf7_posted_data_hash\" value=\"\" \/>\n<\/div>\n<p><span class=\"wpcf7-form-control-wrap your-name\"><input type=\"text\" name=\"your-name\" value=\"\" size=\"40\" class=\"wpcf7-form-control wpcf7-text wpcf7-validates-as-required formulario\" aria-required=\"true\" aria-invalid=\"false\" placeholder=\"Nome\" \/><\/span><br \/>\n<span class=\"wpcf7-form-control-wrap your-whatsapp\"><input type=\"text\" name=\"your-whatsapp\" value=\"\" size=\"40\" class=\"wpcf7-form-control wpcf7-text wpcf7-validates-as-required formulario\" aria-required=\"true\" aria-invalid=\"false\" placeholder=\"WhatsApp\" \/><\/span><br \/>\n<span class=\"wpcf7-form-control-wrap your-email\"><input type=\"email\" name=\"your-email\" value=\"\" size=\"40\" class=\"wpcf7-form-control wpcf7-text wpcf7-email wpcf7-validates-as-required wpcf7-validates-as-email formulario\" aria-required=\"true\" aria-invalid=\"false\" placeholder=\"E-mail\" \/><\/span><br \/>\n<span class=\"wpcf7-form-control-wrap your-mensagem\"><textarea name=\"your-mensagem\" cols=\"40\" rows=\"10\" class=\"wpcf7-form-control wpcf7-textarea wpcf7-validates-as-required formulario\" aria-required=\"true\" aria-invalid=\"false\" placeholder=\"Mensagem\"><\/textarea><\/span><br \/>\n<input type=\"submit\" value=\"Enviar\" class=\"wpcf7-form-control wpcf7-submit botao\" \/><\/p>\n<div class=\"wpcf7-response-output\" aria-hidden=\"true\"><\/div><\/form><\/div>[\/vc_column][\/vc_row]<\/p>\n<\/div>","protected":false},"excerpt":{"rendered":"<p>[vc_row full_width=&#8221;stretch_row&#8221; full_height=&#8221;yes&#8221; bg_type=&#8221;image&#8221; parallax_style=&#8221;vcpb-default&#8221; bg_image_new=&#8221;id^690|url^https:\/\/vitadermatologia.com.brwp-content\/uploads\/2021\/04\/5fb461844c346pele-negra-1454349279208_1920x1174.jpg|caption^null|alt^null|title^5fb461844c346pele-negra-1454349279208_1920x1174|description^null&#8221; enable_overlay=&#8221;enable_overlay_value&#8221; overlay_color=&#8221;#000000&#8243; overlay_pattern_opacity=&#8221;80&#8243; css=&#8221;.vc_custom_1619716075473{margin-bottom: 50px !important;}&#8221;][vc_column width=&#8221;2\/3&#8243; custom_w=&#8221;&#8221;][\/vc_column][vc_column width=&#8221;1\/3&#8243;][\/vc_column][\/vc_row][vc_row full_width=&#8221;stretch_row_content&#8221; css=&#8221;.vc_custom_1611948177477{margin-bottom: 50px !important;padding-right: 150px !important;padding-left: 150px !important;}&#8221;][vc_column width=&#8221;1\/2&#8243; custom_w=&#8221;&#8221; css=&#8221;.vc_custom_1611951525682{padding-right:<span class=\"excerpt-hellip\"> [\u2026]<\/span><\/p>\n","protected":false},"author":1,"featured_media":0,"parent":668,"menu_order":0,"comment_status":"closed","ping_status":"closed","template":"","meta":{"footnotes":""},"class_list":["post-138","page","type-page","status-publish","hentry"],"yoast_head":"<!-- This site is optimized with the Yoast SEO plugin v16.3 - https:\/\/yoast.com\/wordpress\/plugins\/seo\/ -->\n<title>Bioestimuladores - Vita Cl\u00ednica<\/title>\n<meta name=\"robots\" content=\"index, follow, max-snippet:-1, max-image-preview:large, max-video-preview:-1\" \/>\n<link rel=\"canonical\" href=\"https:\/\/vitadermatologia.com.br\/?page_id=138\" \/>\n<meta property=\"og:locale\" content=\"pt_BR\" \/>\n<meta property=\"og:type\" content=\"article\" \/>\n<meta property=\"og:title\" content=\"Bioestimuladores - Vita Cl\u00ednica\" \/>\n<meta property=\"og:description\" content=\"[vc_row full_width=&#8221;stretch_row&#8221; full_height=&#8221;yes&#8221; bg_type=&#8221;image&#8221; parallax_style=&#8221;vcpb-default&#8221; bg_image_new=&#8221;id^690|url^https:\/\/vitadermatologia.com.brwp-content\/uploads\/2021\/04\/5fb461844c346pele-negra-1454349279208_1920x1174.jpg|caption^null|alt^null|title^5fb461844c346pele-negra-1454349279208_1920x1174|description^null&#8221; enable_overlay=&#8221;enable_overlay_value&#8221; overlay_color=&#8221;#000000&#8243; overlay_pattern_opacity=&#8221;80&#8243; css=&#8221;.vc_custom_1619716075473{margin-bottom: 50px !important;}&#8221;][vc_column width=&#8221;2\/3&#8243; custom_w=&#8221;&#8221;][\/vc_column][vc_column width=&#8221;1\/3&#8243;][\/vc_column][\/vc_row][vc_row full_width=&#8221;stretch_row_content&#8221; css=&#8221;.vc_custom_1611948177477{margin-bottom: 50px !important;padding-right: 150px !important;padding-left: 150px !important;}&#8221;][vc_column width=&#8221;1\/2&#8243; custom_w=&#8221;&#8221; css=&#8221;.vc_custom_1611951525682{padding-right: [\u2026]\" \/>\n<meta property=\"og:url\" content=\"https:\/\/vitadermatologia.com.br\/?page_id=138\" \/>\n<meta property=\"og:site_name\" content=\"Vita Cl\u00ednica\" \/>\n<meta property=\"article:modified_time\" content=\"2021-05-21T19:35:58+00:00\" \/>\n<meta name=\"twitter:card\" content=\"summary_large_image\" \/>\n<meta name=\"twitter:label1\" content=\"Est. tempo de leitura\">\n\t<meta name=\"twitter:data1\" content=\"3 minutos\">\n<script type=\"application\/ld+json\" class=\"yoast-schema-graph\">{\"@context\":\"https:\/\/schema.org\",\"@graph\":[{\"@type\":\"WebSite\",\"@id\":\"https:\/\/vitadermatologia.com.br\/#website\",\"url\":\"https:\/\/vitadermatologia.com.br\/\",\"name\":\"Vita Cl\\u00ednica\",\"description\":\"Dermatologia\",\"potentialAction\":[{\"@type\":\"SearchAction\",\"target\":\"https:\/\/vitadermatologia.com.br\/?s={search_term_string}\",\"query-input\":\"required name=search_term_string\"}],\"inLanguage\":\"pt-BR\"},{\"@type\":\"WebPage\",\"@id\":\"https:\/\/vitadermatologia.com.br\/?page_id=138#webpage\",\"url\":\"https:\/\/vitadermatologia.com.br\/?page_id=138\",\"name\":\"Bioestimuladores - Vita Cl\\u00ednica\",\"isPartOf\":{\"@id\":\"https:\/\/vitadermatologia.com.br\/#website\"},\"datePublished\":\"2018-11-06T14:07:02+00:00\",\"dateModified\":\"2021-05-21T19:35:58+00:00\",\"breadcrumb\":{\"@id\":\"https:\/\/vitadermatologia.com.br\/?page_id=138#breadcrumb\"},\"inLanguage\":\"pt-BR\",\"potentialAction\":[{\"@type\":\"ReadAction\",\"target\":[\"https:\/\/vitadermatologia.com.br\/?page_id=138\"]}]},{\"@type\":\"BreadcrumbList\",\"@id\":\"https:\/\/vitadermatologia.com.br\/?page_id=138#breadcrumb\",\"itemListElement\":[{\"@type\":\"ListItem\",\"position\":1,\"item\":{\"@type\":\"WebPage\",\"@id\":\"https:\/\/vitadermatologia.com.br\/\",\"url\":\"https:\/\/vitadermatologia.com.br\/\",\"name\":\"In\\u00edcio\"}},{\"@type\":\"ListItem\",\"position\":2,\"item\":{\"@type\":\"WebPage\",\"@id\":\"https:\/\/vitadermatologia.com.br\/?page_id=668\",\"url\":\"https:\/\/vitadermatologia.com.br\/?page_id=668\",\"name\":\"Faciais\"}},{\"@type\":\"ListItem\",\"position\":3,\"item\":{\"@id\":\"https:\/\/vitadermatologia.com.br\/?page_id=138#webpage\"}}]}]}<\/script>\n<!-- \/ Yoast SEO plugin. -->","_links":{"self":[{"href":"https:\/\/vitadermatologia.com.br\/index.php?rest_route=\/wp\/v2\/pages\/138"}],"collection":[{"href":"https:\/\/vitadermatologia.com.br\/index.php?rest_route=\/wp\/v2\/pages"}],"about":[{"href":"https:\/\/vitadermatologia.com.br\/index.php?rest_route=\/wp\/v2\/types\/page"}],"author":[{"embeddable":true,"href":"https:\/\/vitadermatologia.com.br\/index.php?rest_route=\/wp\/v2\/users\/1"}],"replies":[{"embeddable":true,"href":"https:\/\/vitadermatologia.com.br\/index.php?rest_route=%2Fwp%2Fv2%2Fcomments&post=138"}],"version-history":[{"count":8,"href":"https:\/\/vitadermatologia.com.br\/index.php?rest_route=\/wp\/v2\/pages\/138\/revisions"}],"predecessor-version":[{"id":762,"href":"https:\/\/vitadermatologia.com.br\/index.php?rest_route=\/wp\/v2\/pages\/138\/revisions\/762"}],"up":[{"embeddable":true,"href":"https:\/\/vitadermatologia.com.br\/index.php?rest_route=\/wp\/v2\/pages\/668"}],"wp:attachment":[{"href":"https:\/\/vitadermatologia.com.br\/index.php?rest_route=%2Fwp%2Fv2%2Fmedia&parent=138"}],"curies":[{"name":"wp","href":"https:\/\/api.w.org\/{rel}","templated":true}]}}