{"id":142,"date":"2018-11-06T12:12:37","date_gmt":"2018-11-06T14:12:37","guid":{"rendered":"http:\/\/vitadermatologiaelaser.com.br\/?page_id=142"},"modified":"2021-04-29T15:14:40","modified_gmt":"2021-04-29T18:14:40","slug":"criolipolise","status":"publish","type":"page","link":"https:\/\/vitadermatologia.com.br\/?page_id=142","title":{"rendered":"Criolip\u00f3lise (Cooltech)"},"content":{"rendered":"<div class=\"wpb-content-wrapper\"><p>[vc_row full_width=&#8221;stretch_row&#8221; full_height=&#8221;yes&#8221; bg_type=&#8221;image&#8221; parallax_style=&#8221;vcpb-default&#8221; bg_image_new=&#8221;id^328|url^https:\/\/vitadermatologia.com.brwp-content\/uploads\/2021\/03\/tratamento-criolipolise.jpg|caption^Young woman with marks for liposuction operation and space for text on light background. Cosmetic surgery|alt^null|title^Young Woman With Marks For Liposuction Operation And Space For T|description^null&#8221; enable_overlay=&#8221;enable_overlay_value&#8221; overlay_color=&#8221;#000000&#8243; overlay_pattern_opacity=&#8221;80&#8243; css=&#8221;.vc_custom_1615562834850{margin-bottom: 50px !important;}&#8221;][vc_column width=&#8221;2\/3&#8243; custom_w=&#8221;&#8221;]<div id=\"ultimate-heading-920569f961c24c26e\" class=\"uvc-heading ult-adjust-bottom-margin ultimate-heading-920569f961c24c26e uvc-5337 \" data-hspacer=\"no_spacer\"  data-halign=\"left\" style=\"text-align:left\"><div class=\"uvc-heading-spacer no_spacer\" style=\"top\"><\/div><div class=\"uvc-main-heading ult-responsive\"  data-ultimate-target='.uvc-heading.ultimate-heading-920569f961c24c26e h2'  data-responsive-json-new='{\"font-size\":\"desktop:42px;\",\"line-height\":\"\"}' ><h2 style=\"font-weight:bold;color:#ffffff;margin-bottom:20px;\">Criolip\u00f3lise<\/h2><\/div><\/div>[\/vc_column][vc_column width=&#8221;1\/3&#8243;][\/vc_column][\/vc_row][vc_row full_width=&#8221;stretch_row_content&#8221; css=&#8221;.vc_custom_1611948177477{margin-bottom: 50px !important;padding-right: 150px !important;padding-left: 150px !important;}&#8221;][vc_column width=&#8221;1\/2&#8243; custom_w=&#8221;&#8221; css=&#8221;.vc_custom_1611951525682{padding-right: 50px !important;}&#8221;][vc_column_text]<\/p>\n<h3 style=\"text-align: justify;\"><strong><span style=\"font-size: 12pt;\">Criolip\u00f3lise\u00a0<\/span><\/strong><\/h3>\n<p style=\"text-align: justify;\"><span style=\"font-size: 12pt;\">A Criolip\u00f3lise reduz a gordura corporal localizada de maneira n\u00e3o invasiva, por meio do congelamento de c\u00e9lulas de gordura. A t\u00e9cnica \u00e9 baseada na intoler\u00e2ncia das c\u00e9lulas de gordura a baixas temperaturas e garante a elimina\u00e7\u00e3o de cerca de 44% da gordura localizada em apenas 1 sess\u00e3o! <\/span><\/p>\n<p style=\"text-align: justify;\"><span style=\"font-size: 12pt;\">O tratamento pode ser realizado em coxas, abd\u00f4men, t\u00f3rax, quadril e bra\u00e7os.<\/span><\/p>\n<h3 style=\"text-align: justify;\"><strong><span style=\"font-size: 12pt;\">Cooltech <\/span><\/strong><\/h3>\n<p style=\"text-align: justify;\"><span style=\"font-size: 12pt;\">O Cooltech \u00e9 a terceira gera\u00e7\u00e3o de aparelhos para a realiza\u00e7\u00e3o da criolip\u00f3lise, tamb\u00e9m conhecida como \u201clipo sem cortes\u201d. \u00c9 uma tecnologia avan\u00e7ada para destrui\u00e7\u00e3o e quebra das c\u00e9lulas de gordura atrav\u00e9s do congelamento sendo considerado o mais avan\u00e7ado tratamento para o combate \u00e0 gordura localizada.<\/span><\/p>\n<p style=\"text-align: justify;\"><span style=\"font-size: 12pt;\">Os resultados come\u00e7am a surgir em cerca de 30 dias mas s\u00e3o progressivos e v\u00e3o acontecendo em cerca de 8 semanas ap\u00f3s o tratamento, que \u00e9 o tempo que o organismo necessita para eliminar completamente a gordura que foi congelada.<\/span><\/p>\n<p>[\/vc_column_text][\/vc_column][vc_column width=&#8221;1\/2&#8243; custom_w=&#8221;&#8221; css=&#8221;.vc_custom_1612625327593{padding-right: 40px !important;padding-left: 40px !important;background-color: #00a8a5 !important;}&#8221;]<div id=\"ultimate-heading-748569f961c24c2a9\" class=\"uvc-heading ult-adjust-bottom-margin ultimate-heading-748569f961c24c2a9 uvc-5550 \" data-hspacer=\"no_spacer\"  data-halign=\"left\" style=\"text-align:left\"><div class=\"uvc-heading-spacer no_spacer\" style=\"top\"><\/div><div class=\"uvc-main-heading ult-responsive\"  data-ultimate-target='.uvc-heading.ultimate-heading-748569f961c24c2a9 h3'  data-responsive-json-new='{\"font-size\":\"\",\"line-height\":\"\"}' ><h3 style=\"font-weight:normal;color:#ffffff;margin-bottom:30px;\">Entre em contato com a nossa equipe!<\/h3><\/div><\/div><div role=\"form\" class=\"wpcf7\" id=\"wpcf7-f59-o1\" lang=\"pt-BR\" dir=\"ltr\">\n<div class=\"screen-reader-response\"><p role=\"status\" aria-live=\"polite\" aria-atomic=\"true\"><\/p> <ul><\/ul><\/div>\n<form action=\"\/index.php?rest_route=%2Fwp%2Fv2%2Fpages%2F142#wpcf7-f59-o1\" method=\"post\" class=\"wpcf7-form init\" novalidate=\"novalidate\" data-status=\"init\">\n<div style=\"display: none;\">\n<input type=\"hidden\" name=\"_wpcf7\" value=\"59\" \/>\n<input type=\"hidden\" name=\"_wpcf7_version\" value=\"5.3.2\" \/>\n<input type=\"hidden\" name=\"_wpcf7_locale\" value=\"pt_BR\" \/>\n<input type=\"hidden\" name=\"_wpcf7_unit_tag\" value=\"wpcf7-f59-o1\" \/>\n<input type=\"hidden\" name=\"_wpcf7_container_post\" value=\"0\" \/>\n<input type=\"hidden\" name=\"_wpcf7_posted_data_hash\" value=\"\" \/>\n<\/div>\n<p><span class=\"wpcf7-form-control-wrap your-name\"><input type=\"text\" name=\"your-name\" value=\"\" size=\"40\" class=\"wpcf7-form-control wpcf7-text wpcf7-validates-as-required formulario\" aria-required=\"true\" aria-invalid=\"false\" placeholder=\"Nome\" \/><\/span><br \/>\n<span class=\"wpcf7-form-control-wrap your-whatsapp\"><input type=\"text\" name=\"your-whatsapp\" value=\"\" size=\"40\" class=\"wpcf7-form-control wpcf7-text wpcf7-validates-as-required formulario\" aria-required=\"true\" aria-invalid=\"false\" placeholder=\"WhatsApp\" \/><\/span><br \/>\n<span class=\"wpcf7-form-control-wrap your-email\"><input type=\"email\" name=\"your-email\" value=\"\" size=\"40\" class=\"wpcf7-form-control wpcf7-text wpcf7-email wpcf7-validates-as-required wpcf7-validates-as-email formulario\" aria-required=\"true\" aria-invalid=\"false\" placeholder=\"E-mail\" \/><\/span><br \/>\n<span class=\"wpcf7-form-control-wrap your-mensagem\"><textarea name=\"your-mensagem\" cols=\"40\" rows=\"10\" class=\"wpcf7-form-control wpcf7-textarea wpcf7-validates-as-required formulario\" aria-required=\"true\" aria-invalid=\"false\" placeholder=\"Mensagem\"><\/textarea><\/span><br \/>\n<input type=\"submit\" value=\"Enviar\" class=\"wpcf7-form-control wpcf7-submit botao\" \/><\/p>\n<div class=\"wpcf7-response-output\" aria-hidden=\"true\"><\/div><\/form><\/div>[\/vc_column][\/vc_row]<\/p>\n<\/div>","protected":false},"excerpt":{"rendered":"<p>[vc_row full_width=&#8221;stretch_row&#8221; full_height=&#8221;yes&#8221; bg_type=&#8221;image&#8221; parallax_style=&#8221;vcpb-default&#8221; bg_image_new=&#8221;id^328|url^https:\/\/vitadermatologia.com.brwp-content\/uploads\/2021\/03\/tratamento-criolipolise.jpg|caption^Young woman with marks for liposuction operation and space for text on light background. Cosmetic surgery|alt^null|title^Young Woman With Marks For Liposuction<span class=\"excerpt-hellip\"> [\u2026]<\/span><\/p>\n","protected":false},"author":1,"featured_media":0,"parent":670,"menu_order":0,"comment_status":"closed","ping_status":"closed","template":"","meta":{"footnotes":""},"class_list":["post-142","page","type-page","status-publish","hentry"],"yoast_head":"<!-- This site is optimized with the Yoast SEO plugin v16.3 - https:\/\/yoast.com\/wordpress\/plugins\/seo\/ -->\n<title>Criolip\u00f3lise (Cooltech) - Vita Cl\u00ednica<\/title>\n<meta name=\"robots\" content=\"index, follow, max-snippet:-1, max-image-preview:large, max-video-preview:-1\" \/>\n<link rel=\"canonical\" href=\"https:\/\/vitadermatologia.com.br\/?page_id=142\" \/>\n<meta property=\"og:locale\" content=\"pt_BR\" \/>\n<meta property=\"og:type\" content=\"article\" \/>\n<meta property=\"og:title\" content=\"Criolip\u00f3lise (Cooltech) - Vita Cl\u00ednica\" \/>\n<meta property=\"og:description\" content=\"[vc_row full_width=&#8221;stretch_row&#8221; full_height=&#8221;yes&#8221; bg_type=&#8221;image&#8221; parallax_style=&#8221;vcpb-default&#8221; bg_image_new=&#8221;id^328|url^https:\/\/vitadermatologia.com.brwp-content\/uploads\/2021\/03\/tratamento-criolipolise.jpg|caption^Young woman with marks for liposuction operation and space for text on light background. Cosmetic surgery|alt^null|title^Young Woman With Marks For Liposuction [\u2026]\" \/>\n<meta property=\"og:url\" content=\"https:\/\/vitadermatologia.com.br\/?page_id=142\" \/>\n<meta property=\"og:site_name\" content=\"Vita Cl\u00ednica\" \/>\n<meta property=\"article:modified_time\" content=\"2021-04-29T18:14:40+00:00\" \/>\n<meta name=\"twitter:card\" content=\"summary_large_image\" \/>\n<meta name=\"twitter:label1\" content=\"Est. tempo de leitura\">\n\t<meta name=\"twitter:data1\" content=\"2 minutos\">\n<script type=\"application\/ld+json\" class=\"yoast-schema-graph\">{\"@context\":\"https:\/\/schema.org\",\"@graph\":[{\"@type\":\"WebSite\",\"@id\":\"https:\/\/vitadermatologia.com.br\/#website\",\"url\":\"https:\/\/vitadermatologia.com.br\/\",\"name\":\"Vita Cl\\u00ednica\",\"description\":\"Dermatologia\",\"potentialAction\":[{\"@type\":\"SearchAction\",\"target\":\"https:\/\/vitadermatologia.com.br\/?s={search_term_string}\",\"query-input\":\"required name=search_term_string\"}],\"inLanguage\":\"pt-BR\"},{\"@type\":\"WebPage\",\"@id\":\"https:\/\/vitadermatologia.com.br\/?page_id=142#webpage\",\"url\":\"https:\/\/vitadermatologia.com.br\/?page_id=142\",\"name\":\"Criolip\\u00f3lise (Cooltech) - Vita Cl\\u00ednica\",\"isPartOf\":{\"@id\":\"https:\/\/vitadermatologia.com.br\/#website\"},\"datePublished\":\"2018-11-06T14:12:37+00:00\",\"dateModified\":\"2021-04-29T18:14:40+00:00\",\"breadcrumb\":{\"@id\":\"https:\/\/vitadermatologia.com.br\/?page_id=142#breadcrumb\"},\"inLanguage\":\"pt-BR\",\"potentialAction\":[{\"@type\":\"ReadAction\",\"target\":[\"https:\/\/vitadermatologia.com.br\/?page_id=142\"]}]},{\"@type\":\"BreadcrumbList\",\"@id\":\"https:\/\/vitadermatologia.com.br\/?page_id=142#breadcrumb\",\"itemListElement\":[{\"@type\":\"ListItem\",\"position\":1,\"item\":{\"@type\":\"WebPage\",\"@id\":\"https:\/\/vitadermatologia.com.br\/\",\"url\":\"https:\/\/vitadermatologia.com.br\/\",\"name\":\"In\\u00edcio\"}},{\"@type\":\"ListItem\",\"position\":2,\"item\":{\"@type\":\"WebPage\",\"@id\":\"https:\/\/vitadermatologia.com.br\/?page_id=670\",\"url\":\"https:\/\/vitadermatologia.com.br\/?page_id=670\",\"name\":\"Corporais\"}},{\"@type\":\"ListItem\",\"position\":3,\"item\":{\"@id\":\"https:\/\/vitadermatologia.com.br\/?page_id=142#webpage\"}}]}]}<\/script>\n<!-- \/ Yoast SEO plugin. -->","_links":{"self":[{"href":"https:\/\/vitadermatologia.com.br\/index.php?rest_route=\/wp\/v2\/pages\/142"}],"collection":[{"href":"https:\/\/vitadermatologia.com.br\/index.php?rest_route=\/wp\/v2\/pages"}],"about":[{"href":"https:\/\/vitadermatologia.com.br\/index.php?rest_route=\/wp\/v2\/types\/page"}],"author":[{"embeddable":true,"href":"https:\/\/vitadermatologia.com.br\/index.php?rest_route=\/wp\/v2\/users\/1"}],"replies":[{"embeddable":true,"href":"https:\/\/vitadermatologia.com.br\/index.php?rest_route=%2Fwp%2Fv2%2Fcomments&post=142"}],"version-history":[{"count":7,"href":"https:\/\/vitadermatologia.com.br\/index.php?rest_route=\/wp\/v2\/pages\/142\/revisions"}],"predecessor-version":[{"id":671,"href":"https:\/\/vitadermatologia.com.br\/index.php?rest_route=\/wp\/v2\/pages\/142\/revisions\/671"}],"up":[{"embeddable":true,"href":"https:\/\/vitadermatologia.com.br\/index.php?rest_route=\/wp\/v2\/pages\/670"}],"wp:attachment":[{"href":"https:\/\/vitadermatologia.com.br\/index.php?rest_route=%2Fwp%2Fv2%2Fmedia&parent=142"}],"curies":[{"name":"wp","href":"https:\/\/api.w.org\/{rel}","templated":true}]}}