{"id":209,"date":"2018-12-06T09:40:48","date_gmt":"2018-12-06T11:40:48","guid":{"rendered":"http:\/\/vitadermatologiaelaser.com.br\/?page_id=209"},"modified":"2021-04-29T15:04:46","modified_gmt":"2021-04-29T18:04:46","slug":"fio-pdo","status":"publish","type":"page","link":"https:\/\/vitadermatologia.com.br\/?page_id=209","title":{"rendered":"Fio PDO"},"content":{"rendered":"<div class=\"wpb-content-wrapper\"><p>[vc_row full_width=&#8221;stretch_row&#8221; full_height=&#8221;yes&#8221; bg_type=&#8221;image&#8221; parallax_style=&#8221;vcpb-default&#8221; bg_image_new=&#8221;id^340|url^https:\/\/vitadermatologia.com.brwp-content\/uploads\/2021\/03\/fios-pdo-1.jpg|caption^null|alt^null|title^fios-pdo (1)|description^null&#8221; enable_overlay=&#8221;enable_overlay_value&#8221; overlay_color=&#8221;#000000&#8243; overlay_pattern_opacity=&#8221;80&#8243; css=&#8221;.vc_custom_1615563558028{margin-bottom: 50px !important;}&#8221;][vc_column width=&#8221;2\/3&#8243; custom_w=&#8221;&#8221;]<div id=\"ultimate-heading-653869f9d6229c99d\" class=\"uvc-heading ult-adjust-bottom-margin ultimate-heading-653869f9d6229c99d uvc-4259 \" data-hspacer=\"no_spacer\"  data-halign=\"left\" style=\"text-align:left\"><div class=\"uvc-heading-spacer no_spacer\" style=\"top\"><\/div><div class=\"uvc-main-heading ult-responsive\"  data-ultimate-target='.uvc-heading.ultimate-heading-653869f9d6229c99d h2'  data-responsive-json-new='{\"font-size\":\"desktop:42px;\",\"line-height\":\"\"}' ><h2 style=\"font-weight:bold;color:#ffffff;margin-bottom:20px;\">Fio PDO<\/h2><\/div><\/div>[\/vc_column][vc_column width=&#8221;1\/3&#8243;][\/vc_column][\/vc_row][vc_row full_width=&#8221;stretch_row_content&#8221; css=&#8221;.vc_custom_1611948177477{margin-bottom: 50px !important;padding-right: 150px !important;padding-left: 150px !important;}&#8221;][vc_column width=&#8221;1\/2&#8243; custom_w=&#8221;&#8221; css=&#8221;.vc_custom_1611951525682{padding-right: 50px !important;}&#8221;][vc_column_text]<\/p>\n<p style=\"text-align: justify;\"><span style=\"font-size: 12pt;\">O Lifting com os fios de PDO \u00e9 um novo m\u00e9todo de suspens\u00e3o dos tecidos da face e corpo, com o uso de fios 100% absorv\u00edveis compostos de polidioxanona (PDO) que prometem al\u00e9m de lifting, o est\u00edmulo da produ\u00e7\u00e3o de col\u00e1geno! Produz um lifting n\u00e3o cir\u00fargico natural, \u00e9 realizado no consult\u00f3rio sob anestesia local e o retorno ao trabalho por ser imediato!<\/span><\/p>\n<p style=\"text-align: justify;\"><span style=\"font-size: 12pt;\">O procedimento \u00e9 realizado ap\u00f3s estudo individualizado das necessidades de tratamento e o tipo de fio \u00e9 escolhido. Com anestesia local, pequenas agulhas s\u00e3o introduzidas e deixam o fio logo abaixo da pele. <\/span><\/p>\n<p style=\"text-align: justify;\"><span style=\"font-size: 12pt;\">O resultado \u00e9 imediato quando utilizado os fios de tra\u00e7\u00e3o e os tecidos s\u00e3o acomodados em 15 dia nos locais em que houve pregueamento da pele. A melhora da qualidade da pele, devido ao est\u00edmulo de produ\u00e7\u00e3o do col\u00e1geno \u00e9 visto em 2 meses e o resultado dura 12 meses.<\/span><\/p>\n<p style=\"text-align: justify;\"><span style=\"font-size: 12pt;\"><b>As indica\u00e7\u00f5es s\u00e3o:<\/b><\/span><\/p>\n<ul>\n<li style=\"text-align: justify;\"><span style=\"font-size: 12pt;\">Flacidez facial;<\/span><\/li>\n<li style=\"text-align: justify;\"><span style=\"font-size: 12pt;\">Contorno de mand\u00edbula;<\/span><\/li>\n<li style=\"text-align: justify;\"><span style=\"font-size: 12pt;\">Flacidez do pesco\u00e7o;<\/span><\/li>\n<li style=\"text-align: justify;\"><span style=\"font-size: 12pt;\">Queda de sobrancelhas;<\/span><\/li>\n<li style=\"text-align: justify;\"><span style=\"font-size: 12pt;\">Sulcos faciais (bigode chin\u00eas, marionete);<\/span><\/li>\n<li style=\"text-align: justify;\"><span style=\"font-size: 12pt;\">Rugas periorais e periorbit\u00e1rias;<\/span><\/li>\n<li style=\"text-align: justify;\"><span style=\"font-size: 12pt;\">Flacidez periumbilical.<\/span><\/li>\n<\/ul>\n<p>[\/vc_column_text][\/vc_column][vc_column width=&#8221;1\/2&#8243; custom_w=&#8221;&#8221; css=&#8221;.vc_custom_1612625327593{padding-right: 40px !important;padding-left: 40px !important;background-color: #00a8a5 !important;}&#8221;]<div id=\"ultimate-heading-326069f9d6229c9da\" class=\"uvc-heading ult-adjust-bottom-margin ultimate-heading-326069f9d6229c9da uvc-8922 \" data-hspacer=\"no_spacer\"  data-halign=\"left\" style=\"text-align:left\"><div class=\"uvc-heading-spacer no_spacer\" style=\"top\"><\/div><div class=\"uvc-main-heading ult-responsive\"  data-ultimate-target='.uvc-heading.ultimate-heading-326069f9d6229c9da h3'  data-responsive-json-new='{\"font-size\":\"\",\"line-height\":\"\"}' ><h3 style=\"font-weight:normal;color:#ffffff;margin-bottom:30px;\">Entre em contato com a nossa equipe!<\/h3><\/div><\/div><div role=\"form\" class=\"wpcf7\" id=\"wpcf7-f59-o1\" lang=\"pt-BR\" dir=\"ltr\">\n<div class=\"screen-reader-response\"><p role=\"status\" aria-live=\"polite\" aria-atomic=\"true\"><\/p> <ul><\/ul><\/div>\n<form action=\"\/index.php?rest_route=%2Fwp%2Fv2%2Fpages%2F209#wpcf7-f59-o1\" method=\"post\" class=\"wpcf7-form init\" novalidate=\"novalidate\" data-status=\"init\">\n<div style=\"display: none;\">\n<input type=\"hidden\" name=\"_wpcf7\" value=\"59\" \/>\n<input type=\"hidden\" name=\"_wpcf7_version\" value=\"5.3.2\" \/>\n<input type=\"hidden\" name=\"_wpcf7_locale\" value=\"pt_BR\" \/>\n<input type=\"hidden\" name=\"_wpcf7_unit_tag\" value=\"wpcf7-f59-o1\" \/>\n<input type=\"hidden\" name=\"_wpcf7_container_post\" value=\"0\" \/>\n<input type=\"hidden\" name=\"_wpcf7_posted_data_hash\" value=\"\" \/>\n<\/div>\n<p><span class=\"wpcf7-form-control-wrap your-name\"><input type=\"text\" name=\"your-name\" value=\"\" size=\"40\" class=\"wpcf7-form-control wpcf7-text wpcf7-validates-as-required formulario\" aria-required=\"true\" aria-invalid=\"false\" placeholder=\"Nome\" \/><\/span><br \/>\n<span class=\"wpcf7-form-control-wrap your-whatsapp\"><input type=\"text\" name=\"your-whatsapp\" value=\"\" size=\"40\" class=\"wpcf7-form-control wpcf7-text wpcf7-validates-as-required formulario\" aria-required=\"true\" aria-invalid=\"false\" placeholder=\"WhatsApp\" \/><\/span><br \/>\n<span class=\"wpcf7-form-control-wrap your-email\"><input type=\"email\" name=\"your-email\" value=\"\" size=\"40\" class=\"wpcf7-form-control wpcf7-text wpcf7-email wpcf7-validates-as-required wpcf7-validates-as-email formulario\" aria-required=\"true\" aria-invalid=\"false\" placeholder=\"E-mail\" \/><\/span><br \/>\n<span class=\"wpcf7-form-control-wrap your-mensagem\"><textarea name=\"your-mensagem\" cols=\"40\" rows=\"10\" class=\"wpcf7-form-control wpcf7-textarea wpcf7-validates-as-required formulario\" aria-required=\"true\" aria-invalid=\"false\" placeholder=\"Mensagem\"><\/textarea><\/span><br \/>\n<input type=\"submit\" value=\"Enviar\" class=\"wpcf7-form-control wpcf7-submit botao\" \/><\/p>\n<div class=\"wpcf7-response-output\" aria-hidden=\"true\"><\/div><\/form><\/div>[\/vc_column][\/vc_row]<\/p>\n<\/div>","protected":false},"excerpt":{"rendered":"<p>[vc_row full_width=&#8221;stretch_row&#8221; full_height=&#8221;yes&#8221; bg_type=&#8221;image&#8221; parallax_style=&#8221;vcpb-default&#8221; bg_image_new=&#8221;id^340|url^https:\/\/vitadermatologia.com.brwp-content\/uploads\/2021\/03\/fios-pdo-1.jpg|caption^null|alt^null|title^fios-pdo (1)|description^null&#8221; enable_overlay=&#8221;enable_overlay_value&#8221; overlay_color=&#8221;#000000&#8243; overlay_pattern_opacity=&#8221;80&#8243; css=&#8221;.vc_custom_1615563558028{margin-bottom: 50px !important;}&#8221;][vc_column width=&#8221;2\/3&#8243; custom_w=&#8221;&#8221;][\/vc_column][vc_column width=&#8221;1\/3&#8243;][\/vc_column][\/vc_row][vc_row full_width=&#8221;stretch_row_content&#8221; css=&#8221;.vc_custom_1611948177477{margin-bottom: 50px !important;padding-right: 150px !important;padding-left: 150px !important;}&#8221;][vc_column width=&#8221;1\/2&#8243; custom_w=&#8221;&#8221;<span class=\"excerpt-hellip\"> [\u2026]<\/span><\/p>\n","protected":false},"author":1,"featured_media":0,"parent":668,"menu_order":0,"comment_status":"closed","ping_status":"closed","template":"","meta":{"footnotes":""},"class_list":["post-209","page","type-page","status-publish","hentry"],"yoast_head":"<!-- This site is optimized with the Yoast SEO plugin v16.3 - https:\/\/yoast.com\/wordpress\/plugins\/seo\/ -->\n<title>Fio PDO - Vita Cl\u00ednica<\/title>\n<meta name=\"robots\" content=\"index, follow, max-snippet:-1, max-image-preview:large, max-video-preview:-1\" \/>\n<link rel=\"canonical\" href=\"https:\/\/vitadermatologia.com.br\/?page_id=209\" \/>\n<meta property=\"og:locale\" content=\"pt_BR\" \/>\n<meta property=\"og:type\" content=\"article\" \/>\n<meta property=\"og:title\" content=\"Fio PDO - Vita Cl\u00ednica\" \/>\n<meta property=\"og:description\" content=\"[vc_row full_width=&#8221;stretch_row&#8221; full_height=&#8221;yes&#8221; bg_type=&#8221;image&#8221; parallax_style=&#8221;vcpb-default&#8221; bg_image_new=&#8221;id^340|url^https:\/\/vitadermatologia.com.brwp-content\/uploads\/2021\/03\/fios-pdo-1.jpg|caption^null|alt^null|title^fios-pdo (1)|description^null&#8221; enable_overlay=&#8221;enable_overlay_value&#8221; overlay_color=&#8221;#000000&#8243; overlay_pattern_opacity=&#8221;80&#8243; css=&#8221;.vc_custom_1615563558028{margin-bottom: 50px !important;}&#8221;][vc_column width=&#8221;2\/3&#8243; custom_w=&#8221;&#8221;][\/vc_column][vc_column width=&#8221;1\/3&#8243;][\/vc_column][\/vc_row][vc_row full_width=&#8221;stretch_row_content&#8221; css=&#8221;.vc_custom_1611948177477{margin-bottom: 50px !important;padding-right: 150px !important;padding-left: 150px !important;}&#8221;][vc_column width=&#8221;1\/2&#8243; custom_w=&#8221;&#8221; [\u2026]\" \/>\n<meta property=\"og:url\" content=\"https:\/\/vitadermatologia.com.br\/?page_id=209\" \/>\n<meta property=\"og:site_name\" content=\"Vita Cl\u00ednica\" \/>\n<meta property=\"article:modified_time\" content=\"2021-04-29T18:04:46+00:00\" \/>\n<meta name=\"twitter:card\" content=\"summary_large_image\" \/>\n<meta name=\"twitter:label1\" content=\"Est. tempo de leitura\">\n\t<meta name=\"twitter:data1\" content=\"2 minutos\">\n<script type=\"application\/ld+json\" class=\"yoast-schema-graph\">{\"@context\":\"https:\/\/schema.org\",\"@graph\":[{\"@type\":\"WebSite\",\"@id\":\"https:\/\/vitadermatologia.com.br\/#website\",\"url\":\"https:\/\/vitadermatologia.com.br\/\",\"name\":\"Vita Cl\\u00ednica\",\"description\":\"Dermatologia\",\"potentialAction\":[{\"@type\":\"SearchAction\",\"target\":\"https:\/\/vitadermatologia.com.br\/?s={search_term_string}\",\"query-input\":\"required name=search_term_string\"}],\"inLanguage\":\"pt-BR\"},{\"@type\":\"WebPage\",\"@id\":\"https:\/\/vitadermatologia.com.br\/?page_id=209#webpage\",\"url\":\"https:\/\/vitadermatologia.com.br\/?page_id=209\",\"name\":\"Fio PDO - Vita Cl\\u00ednica\",\"isPartOf\":{\"@id\":\"https:\/\/vitadermatologia.com.br\/#website\"},\"datePublished\":\"2018-12-06T11:40:48+00:00\",\"dateModified\":\"2021-04-29T18:04:46+00:00\",\"breadcrumb\":{\"@id\":\"https:\/\/vitadermatologia.com.br\/?page_id=209#breadcrumb\"},\"inLanguage\":\"pt-BR\",\"potentialAction\":[{\"@type\":\"ReadAction\",\"target\":[\"https:\/\/vitadermatologia.com.br\/?page_id=209\"]}]},{\"@type\":\"BreadcrumbList\",\"@id\":\"https:\/\/vitadermatologia.com.br\/?page_id=209#breadcrumb\",\"itemListElement\":[{\"@type\":\"ListItem\",\"position\":1,\"item\":{\"@type\":\"WebPage\",\"@id\":\"https:\/\/vitadermatologia.com.br\/\",\"url\":\"https:\/\/vitadermatologia.com.br\/\",\"name\":\"In\\u00edcio\"}},{\"@type\":\"ListItem\",\"position\":2,\"item\":{\"@type\":\"WebPage\",\"@id\":\"https:\/\/vitadermatologia.com.br\/?page_id=668\",\"url\":\"https:\/\/vitadermatologia.com.br\/?page_id=668\",\"name\":\"Faciais\"}},{\"@type\":\"ListItem\",\"position\":3,\"item\":{\"@id\":\"https:\/\/vitadermatologia.com.br\/?page_id=209#webpage\"}}]}]}<\/script>\n<!-- \/ Yoast SEO plugin. -->","_links":{"self":[{"href":"https:\/\/vitadermatologia.com.br\/index.php?rest_route=\/wp\/v2\/pages\/209"}],"collection":[{"href":"https:\/\/vitadermatologia.com.br\/index.php?rest_route=\/wp\/v2\/pages"}],"about":[{"href":"https:\/\/vitadermatologia.com.br\/index.php?rest_route=\/wp\/v2\/types\/page"}],"author":[{"embeddable":true,"href":"https:\/\/vitadermatologia.com.br\/index.php?rest_route=\/wp\/v2\/users\/1"}],"replies":[{"embeddable":true,"href":"https:\/\/vitadermatologia.com.br\/index.php?rest_route=%2Fwp%2Fv2%2Fcomments&post=209"}],"version-history":[{"count":5,"href":"https:\/\/vitadermatologia.com.br\/index.php?rest_route=\/wp\/v2\/pages\/209\/revisions"}],"predecessor-version":[{"id":633,"href":"https:\/\/vitadermatologia.com.br\/index.php?rest_route=\/wp\/v2\/pages\/209\/revisions\/633"}],"up":[{"embeddable":true,"href":"https:\/\/vitadermatologia.com.br\/index.php?rest_route=\/wp\/v2\/pages\/668"}],"wp:attachment":[{"href":"https:\/\/vitadermatologia.com.br\/index.php?rest_route=%2Fwp%2Fv2%2Fmedia&parent=209"}],"curies":[{"name":"wp","href":"https:\/\/api.w.org\/{rel}","templated":true}]}}