{"id":218,"date":"2018-12-06T09:52:54","date_gmt":"2018-12-06T11:52:54","guid":{"rendered":"http:\/\/vitadermatologiaelaser.com.br\/?page_id=218"},"modified":"2021-04-29T15:19:51","modified_gmt":"2021-04-29T18:19:51","slug":"terapia-capilar","status":"publish","type":"page","link":"https:\/\/vitadermatologia.com.br\/?page_id=218","title":{"rendered":"Terapia Capilar"},"content":{"rendered":"<div class=\"wpb-content-wrapper\"><p>[vc_row full_width=&#8221;stretch_row&#8221; full_height=&#8221;yes&#8221; bg_type=&#8221;image&#8221; parallax_style=&#8221;vcpb-default&#8221; bg_image_new=&#8221;id^370|url^https:\/\/vitadermatologia.com.brwp-content\/uploads\/2021\/03\/intradermoterapia-capilar.jpg|caption^null|alt^null|title^intradermoterapia-capilar|description^null&#8221; enable_overlay=&#8221;enable_overlay_value&#8221; overlay_color=&#8221;#000000&#8243; overlay_pattern_opacity=&#8221;80&#8243; css=&#8221;.vc_custom_1615565261770{margin-bottom: 50px !important;}&#8221;][vc_column width=&#8221;2\/3&#8243; custom_w=&#8221;&#8221;]<div id=\"ultimate-heading-828169f963515db92\" class=\"uvc-heading ult-adjust-bottom-margin ultimate-heading-828169f963515db92 uvc-766 \" data-hspacer=\"no_spacer\"  data-halign=\"left\" style=\"text-align:left\"><div class=\"uvc-heading-spacer no_spacer\" style=\"top\"><\/div><div class=\"uvc-main-heading ult-responsive\"  data-ultimate-target='.uvc-heading.ultimate-heading-828169f963515db92 h2'  data-responsive-json-new='{\"font-size\":\"desktop:42px;\",\"line-height\":\"\"}' ><h2 style=\"font-weight:bold;color:#ffffff;margin-bottom:20px;\">Terapia Capilar<\/h2><\/div><\/div>[\/vc_column][vc_column width=&#8221;1\/3&#8243;][\/vc_column][\/vc_row][vc_row full_width=&#8221;stretch_row_content&#8221; css=&#8221;.vc_custom_1611948177477{margin-bottom: 50px !important;padding-right: 150px !important;padding-left: 150px !important;}&#8221;][vc_column width=&#8221;1\/2&#8243; custom_w=&#8221;&#8221; css=&#8221;.vc_custom_1611951525682{padding-right: 50px !important;}&#8221;][vc_column_text]<\/p>\n<p style=\"text-align: justify;\"><span style=\"font-size: 12pt;\"><b>MMP<br \/>\n<\/b><\/span><\/p>\n<p style=\"text-align: justify;\"><span style=\"font-size: 12pt;\">A sigla MMP significa microinfus\u00e3o de medicamentos na pele. Atrav\u00e9s de um dispositivo \u00e9 injetado medicamentos e vitaminas diretamente na raiz do fio de cabelo (bulbo capilar). Com isso, a medica\u00e7\u00e3o \u00e9 entregue em concentra\u00e7\u00e3o idea l e no local exato onde deve atuar.<\/span><\/p>\n<p style=\"text-align: justify;\"><span style=\"font-size: 12pt;\">Essas medica\u00e7\u00f5es atuam melhorando a oxigena\u00e7\u00e3o do couro cabeludo, fortalecendo e melhorando o crescimento dos fios. Muito indicado para o tratamento da calv\u00edcie. S\u00e3o em m\u00e9dia 3 sess\u00f5es, com intervalo entre elas de 3 semanas a 1 m\u00eas.<b><\/b><b><\/b><\/span><\/p>\n<p style=\"text-align: justify;\"><span style=\"font-size: 12pt;\"><b>Microagulhamento<\/b><\/span><br \/>\n<span style=\"font-size: 12pt;\">A t\u00e9cnica de microagulhamento consiste na utiliza\u00e7\u00e3o de diversas agulhas muito pequenas, que agem na pele, para estimular o col\u00e1geno e fatores de crescimento. Ele \u00e9 indicado para proporcionar a multiplica\u00e7\u00e3o dos fios capilares em\u00a0pacientes que enfrentam problemas como calv\u00edcie ou rarefa\u00e7\u00e3o capilar.<\/span><\/p>\n<p style=\"text-align: justify;\"><span style=\"font-size: 12pt;\">A microperfura\u00e7\u00e3o superficial das agulhas no couro cabeludo gera um pequeno sangramento na regi\u00e3o. No processo de coagula\u00e7\u00e3o, h\u00e1 forma\u00e7\u00e3o de col\u00e1geno e fatores de crescimento que estimulam o nascimento de novos fios e aumentam a sobrevida do fol\u00edculo piloso.<\/span><\/p>\n<p style=\"text-align: justify;\"><span style=\"font-size: 12pt;\"><b>Intradermoterapia capilar<\/b><\/span><br \/>\n<span style=\"font-size: 12pt;\">A intradermoterapia capilar \u00e9 um tratamento no qual se\u00a0aplica subst\u00e2ncias ativas diretamente no couro cabeludo, que controla ou interrompe a\u00a0queda de cabelos e tamb\u00e9m estimula a nutri\u00e7\u00e3o e crescimento de novos fios.<\/span><\/p>\n<p style=\"text-align: justify;\"><span style=\"font-size: 12pt;\">Nas regi\u00f5es em que h\u00e1 falhas ou queda excessiva de cabelos, a intradermoterapia capilar, aplica vitaminas e medicamentos espec\u00edficos para o crescimento dos cabelos por meio de microagulhas, que agem diretamente nas\u00a0ra\u00edzes dos fol\u00edculos capilares. A aplica\u00e7\u00e3o direta das subst\u00e2ncias ativas no couro cabeludo\u00a0estimula tamb\u00e9m a produ\u00e7\u00e3o de col\u00e1geno, altamente ben\u00e9fico para o tratamento.<\/span><\/p>\n<p style=\"text-align: justify;\"><span style=\"font-size: 12pt;\">A queda de cabelos \u00e9 reduzida devido a neutraliza\u00e7\u00e3o da dihidrotestosterona\u00a0(DHT), que \u00e9 o horm\u00f4nio respons\u00e1vel pela queda dos fios. Essa inje\u00e7\u00e3o de\u00a0subst\u00e2ncias ativas via intrad\u00e9rmica \u00e9 ajuda no bloqueio do horm\u00f4nio, pois\u00a0age diretamente no local.<\/span><\/p>\n<p style=\"text-align: justify;\"><span style=\"font-size: 12pt;\">Al\u00e9m de tratar a queda de cabelos, a intradermoterapia capilar ajuda a aumentar a\u00a0espessura e o volume dos fios, deixando-os mais saud\u00e1veis e menos quebradi\u00e7os, sendo\u00a0indicada para mulheres que buscam a revitaliza\u00e7\u00e3o dos fios. Mas sua principal fun\u00e7\u00e3o \u00e9 o\u00a0controle da queda acentuada ou aguda dos cabelos, que podem ser causadas por estresse,\u00a0altera\u00e7\u00f5es hormonais, tratamentos qu\u00edmicos ou falta de nutrientes na alimenta\u00e7\u00e3o.<\/span><\/p>\n<p style=\"text-align: justify;\"><span style=\"font-size: 12pt;\"><b>LED &#8211; light emitter diode<\/b><\/span><br \/>\n<span style=\"font-size: 12pt;\">O LED \u2013 do ingl\u00eas Light Emitting Diode (ou diodo emissor de luz) \u2013 emite part\u00edculas de luz com comprimento de onda capaz de\u00a0penetrar na\u00a0pele\u00a0e estimular a produ\u00e7\u00e3o de energia celular.<\/span><\/p>\n<p style=\"text-align: justify;\"><span style=\"font-size: 12pt;\">Essas emiss\u00f5es provocam uma\u00a0vasodilata\u00e7\u00e3o que ativa a oxigena\u00e7\u00e3o, assim otimizam tanto a\u00a0distribui\u00e7\u00e3o de nutrientes pela circula\u00e7\u00e3o sangu\u00ednea\u00a0quanto a\u00a0repara\u00e7\u00e3o de danos.<\/span><\/p>\n<p style=\"text-align: justify;\"><span style=\"font-size: 12pt;\">A luz vermelha \u00e9 a indicada no tratamento da queda capilar, seja esta gen\u00e9tica, hormonal ou inflamat\u00f3ria. A luz\u00a0estimula a produ\u00e7\u00e3o de col\u00e1geno, que, no couro cabeludo,\u00a0torna o fol\u00edculo capilar mais resistente, sua\u00a0a\u00e7\u00e3o bioestimulante e regeneradora\u00a0favorece, ainda, o\u00a0crescimento saud\u00e1vel\u00a0dos fios.<\/span><\/p>\n<p>[\/vc_column_text][\/vc_column][vc_column width=&#8221;1\/2&#8243; custom_w=&#8221;&#8221; css=&#8221;.vc_custom_1612625327593{padding-right: 40px !important;padding-left: 40px !important;background-color: #00a8a5 !important;}&#8221;]<div id=\"ultimate-heading-223369f963515dbcb\" class=\"uvc-heading ult-adjust-bottom-margin ultimate-heading-223369f963515dbcb uvc-2799 \" data-hspacer=\"no_spacer\"  data-halign=\"left\" style=\"text-align:left\"><div class=\"uvc-heading-spacer no_spacer\" style=\"top\"><\/div><div class=\"uvc-main-heading ult-responsive\"  data-ultimate-target='.uvc-heading.ultimate-heading-223369f963515dbcb h3'  data-responsive-json-new='{\"font-size\":\"\",\"line-height\":\"\"}' ><h3 style=\"font-weight:normal;color:#ffffff;margin-bottom:30px;\">Entre em contato com a nossa equipe!<\/h3><\/div><\/div><div role=\"form\" class=\"wpcf7\" id=\"wpcf7-f59-o1\" lang=\"pt-BR\" dir=\"ltr\">\n<div class=\"screen-reader-response\"><p role=\"status\" aria-live=\"polite\" aria-atomic=\"true\"><\/p> <ul><\/ul><\/div>\n<form action=\"\/index.php?rest_route=%2Fwp%2Fv2%2Fpages%2F218#wpcf7-f59-o1\" method=\"post\" class=\"wpcf7-form init\" novalidate=\"novalidate\" data-status=\"init\">\n<div style=\"display: none;\">\n<input type=\"hidden\" name=\"_wpcf7\" value=\"59\" \/>\n<input type=\"hidden\" name=\"_wpcf7_version\" value=\"5.3.2\" \/>\n<input type=\"hidden\" name=\"_wpcf7_locale\" value=\"pt_BR\" \/>\n<input type=\"hidden\" name=\"_wpcf7_unit_tag\" value=\"wpcf7-f59-o1\" \/>\n<input type=\"hidden\" name=\"_wpcf7_container_post\" value=\"0\" \/>\n<input type=\"hidden\" name=\"_wpcf7_posted_data_hash\" value=\"\" \/>\n<\/div>\n<p><span class=\"wpcf7-form-control-wrap your-name\"><input type=\"text\" name=\"your-name\" value=\"\" size=\"40\" class=\"wpcf7-form-control wpcf7-text wpcf7-validates-as-required formulario\" aria-required=\"true\" aria-invalid=\"false\" placeholder=\"Nome\" \/><\/span><br \/>\n<span class=\"wpcf7-form-control-wrap your-whatsapp\"><input type=\"text\" name=\"your-whatsapp\" value=\"\" size=\"40\" class=\"wpcf7-form-control wpcf7-text wpcf7-validates-as-required formulario\" aria-required=\"true\" aria-invalid=\"false\" placeholder=\"WhatsApp\" \/><\/span><br \/>\n<span class=\"wpcf7-form-control-wrap your-email\"><input type=\"email\" name=\"your-email\" value=\"\" size=\"40\" class=\"wpcf7-form-control wpcf7-text wpcf7-email wpcf7-validates-as-required wpcf7-validates-as-email formulario\" aria-required=\"true\" aria-invalid=\"false\" placeholder=\"E-mail\" \/><\/span><br \/>\n<span class=\"wpcf7-form-control-wrap your-mensagem\"><textarea name=\"your-mensagem\" cols=\"40\" rows=\"10\" class=\"wpcf7-form-control wpcf7-textarea wpcf7-validates-as-required formulario\" aria-required=\"true\" aria-invalid=\"false\" placeholder=\"Mensagem\"><\/textarea><\/span><br \/>\n<input type=\"submit\" value=\"Enviar\" class=\"wpcf7-form-control wpcf7-submit botao\" \/><\/p>\n<div class=\"wpcf7-response-output\" aria-hidden=\"true\"><\/div><\/form><\/div>[\/vc_column][\/vc_row]<\/p>\n<\/div>","protected":false},"excerpt":{"rendered":"<p>[vc_row full_width=&#8221;stretch_row&#8221; full_height=&#8221;yes&#8221; bg_type=&#8221;image&#8221; parallax_style=&#8221;vcpb-default&#8221; bg_image_new=&#8221;id^370|url^https:\/\/vitadermatologia.com.brwp-content\/uploads\/2021\/03\/intradermoterapia-capilar.jpg|caption^null|alt^null|title^intradermoterapia-capilar|description^null&#8221; enable_overlay=&#8221;enable_overlay_value&#8221; overlay_color=&#8221;#000000&#8243; overlay_pattern_opacity=&#8221;80&#8243; css=&#8221;.vc_custom_1615565261770{margin-bottom: 50px !important;}&#8221;][vc_column width=&#8221;2\/3&#8243; custom_w=&#8221;&#8221;][\/vc_column][vc_column width=&#8221;1\/3&#8243;][\/vc_column][\/vc_row][vc_row full_width=&#8221;stretch_row_content&#8221; css=&#8221;.vc_custom_1611948177477{margin-bottom: 50px !important;padding-right: 150px !important;padding-left: 150px !important;}&#8221;][vc_column width=&#8221;1\/2&#8243; custom_w=&#8221;&#8221; css=&#8221;.vc_custom_1611951525682{padding-right:<span class=\"excerpt-hellip\"> [\u2026]<\/span><\/p>\n","protected":false},"author":1,"featured_media":0,"parent":652,"menu_order":0,"comment_status":"closed","ping_status":"closed","template":"","meta":{"footnotes":""},"class_list":["post-218","page","type-page","status-publish","hentry"],"yoast_head":"<!-- This site is optimized with the Yoast SEO plugin v16.3 - https:\/\/yoast.com\/wordpress\/plugins\/seo\/ -->\n<title>Terapia Capilar - Vita Cl\u00ednica<\/title>\n<meta name=\"robots\" content=\"index, follow, max-snippet:-1, max-image-preview:large, max-video-preview:-1\" \/>\n<link rel=\"canonical\" href=\"https:\/\/vitadermatologia.com.br\/?page_id=218\" \/>\n<meta property=\"og:locale\" content=\"pt_BR\" \/>\n<meta property=\"og:type\" content=\"article\" \/>\n<meta property=\"og:title\" content=\"Terapia Capilar - Vita Cl\u00ednica\" \/>\n<meta property=\"og:description\" content=\"[vc_row full_width=&#8221;stretch_row&#8221; full_height=&#8221;yes&#8221; bg_type=&#8221;image&#8221; parallax_style=&#8221;vcpb-default&#8221; bg_image_new=&#8221;id^370|url^https:\/\/vitadermatologia.com.brwp-content\/uploads\/2021\/03\/intradermoterapia-capilar.jpg|caption^null|alt^null|title^intradermoterapia-capilar|description^null&#8221; enable_overlay=&#8221;enable_overlay_value&#8221; overlay_color=&#8221;#000000&#8243; overlay_pattern_opacity=&#8221;80&#8243; css=&#8221;.vc_custom_1615565261770{margin-bottom: 50px !important;}&#8221;][vc_column width=&#8221;2\/3&#8243; custom_w=&#8221;&#8221;][\/vc_column][vc_column width=&#8221;1\/3&#8243;][\/vc_column][\/vc_row][vc_row full_width=&#8221;stretch_row_content&#8221; css=&#8221;.vc_custom_1611948177477{margin-bottom: 50px !important;padding-right: 150px !important;padding-left: 150px !important;}&#8221;][vc_column width=&#8221;1\/2&#8243; custom_w=&#8221;&#8221; css=&#8221;.vc_custom_1611951525682{padding-right: [\u2026]\" \/>\n<meta property=\"og:url\" content=\"https:\/\/vitadermatologia.com.br\/?page_id=218\" \/>\n<meta property=\"og:site_name\" content=\"Vita Cl\u00ednica\" \/>\n<meta property=\"article:modified_time\" content=\"2021-04-29T18:19:51+00:00\" \/>\n<meta name=\"twitter:card\" content=\"summary_large_image\" \/>\n<meta name=\"twitter:label1\" content=\"Est. tempo de leitura\">\n\t<meta name=\"twitter:data1\" content=\"4 minutos\">\n<script type=\"application\/ld+json\" class=\"yoast-schema-graph\">{\"@context\":\"https:\/\/schema.org\",\"@graph\":[{\"@type\":\"WebSite\",\"@id\":\"https:\/\/vitadermatologia.com.br\/#website\",\"url\":\"https:\/\/vitadermatologia.com.br\/\",\"name\":\"Vita Cl\\u00ednica\",\"description\":\"Dermatologia\",\"potentialAction\":[{\"@type\":\"SearchAction\",\"target\":\"https:\/\/vitadermatologia.com.br\/?s={search_term_string}\",\"query-input\":\"required name=search_term_string\"}],\"inLanguage\":\"pt-BR\"},{\"@type\":\"WebPage\",\"@id\":\"https:\/\/vitadermatologia.com.br\/?page_id=218#webpage\",\"url\":\"https:\/\/vitadermatologia.com.br\/?page_id=218\",\"name\":\"Terapia Capilar - Vita Cl\\u00ednica\",\"isPartOf\":{\"@id\":\"https:\/\/vitadermatologia.com.br\/#website\"},\"datePublished\":\"2018-12-06T11:52:54+00:00\",\"dateModified\":\"2021-04-29T18:19:51+00:00\",\"breadcrumb\":{\"@id\":\"https:\/\/vitadermatologia.com.br\/?page_id=218#breadcrumb\"},\"inLanguage\":\"pt-BR\",\"potentialAction\":[{\"@type\":\"ReadAction\",\"target\":[\"https:\/\/vitadermatologia.com.br\/?page_id=218\"]}]},{\"@type\":\"BreadcrumbList\",\"@id\":\"https:\/\/vitadermatologia.com.br\/?page_id=218#breadcrumb\",\"itemListElement\":[{\"@type\":\"ListItem\",\"position\":1,\"item\":{\"@type\":\"WebPage\",\"@id\":\"https:\/\/vitadermatologia.com.br\/\",\"url\":\"https:\/\/vitadermatologia.com.br\/\",\"name\":\"In\\u00edcio\"}},{\"@type\":\"ListItem\",\"position\":2,\"item\":{\"@type\":\"WebPage\",\"@id\":\"https:\/\/vitadermatologia.com.br\/?page_id=652\",\"url\":\"https:\/\/vitadermatologia.com.br\/?page_id=652\",\"name\":\"Capilares\"}},{\"@type\":\"ListItem\",\"position\":3,\"item\":{\"@id\":\"https:\/\/vitadermatologia.com.br\/?page_id=218#webpage\"}}]}]}<\/script>\n<!-- \/ Yoast SEO plugin. -->","_links":{"self":[{"href":"https:\/\/vitadermatologia.com.br\/index.php?rest_route=\/wp\/v2\/pages\/218"}],"collection":[{"href":"https:\/\/vitadermatologia.com.br\/index.php?rest_route=\/wp\/v2\/pages"}],"about":[{"href":"https:\/\/vitadermatologia.com.br\/index.php?rest_route=\/wp\/v2\/types\/page"}],"author":[{"embeddable":true,"href":"https:\/\/vitadermatologia.com.br\/index.php?rest_route=\/wp\/v2\/users\/1"}],"replies":[{"embeddable":true,"href":"https:\/\/vitadermatologia.com.br\/index.php?rest_route=%2Fwp%2Fv2%2Fcomments&post=218"}],"version-history":[{"count":6,"href":"https:\/\/vitadermatologia.com.br\/index.php?rest_route=\/wp\/v2\/pages\/218\/revisions"}],"predecessor-version":[{"id":649,"href":"https:\/\/vitadermatologia.com.br\/index.php?rest_route=\/wp\/v2\/pages\/218\/revisions\/649"}],"up":[{"embeddable":true,"href":"https:\/\/vitadermatologia.com.br\/index.php?rest_route=\/wp\/v2\/pages\/652"}],"wp:attachment":[{"href":"https:\/\/vitadermatologia.com.br\/index.php?rest_route=%2Fwp%2Fv2%2Fmedia&parent=218"}],"curies":[{"name":"wp","href":"https:\/\/api.w.org\/{rel}","templated":true}]}}