{"id":921,"date":"2024-01-30T11:21:33","date_gmt":"2024-01-30T14:21:33","guid":{"rendered":"https:\/\/vitadermatologia.com.br?page_id=921"},"modified":"2024-04-29T23:11:19","modified_gmt":"2024-04-30T02:11:19","slug":"quemsomos","status":"publish","type":"page","link":"https:\/\/vitadermatologia.com.br\/?page_id=921","title":{"rendered":"Quem Somos"},"content":{"rendered":"<div class=\"wpb-content-wrapper\"><p>[vc_row][vc_column][vc_separator][\/vc_column][\/vc_row][vc_row][vc_column][vc_column_text]<em><strong>Quem somos<\/strong><\/em><\/p>\n<p><em><strong>A VITA CL\u00cdNICA<\/strong><\/em> \u00e9 um sonho realizado pela nossa fundadora e renomada m\u00e9dica dermatologista, Dra. Roula Kozak. Desde 1998, temos cultivado uma trajet\u00f3ria marcada por crescimento e inova\u00e7\u00e3o, sempre focados em proporcionar o melhor em sa\u00fade e est\u00e9tica para nossos pacientes.<\/p>\n<p>Aqui na Vita, valorizamos profundamente as ra\u00edzes e tradi\u00e7\u00f5es que nos trouxeram at\u00e9 aqui, ao mesmo tempo que estamos sempre de bra\u00e7os abertos para as novidades e avan\u00e7os da medicina. Isso nos permite equilibrar sabedoria acumulada com as mais recentes inova\u00e7\u00f5es, oferecendo tratamentos e cuidados completos e eficazes.<\/p>\n<p>Nosso compromisso vai al\u00e9m da excel\u00eancia t\u00e9cnica. Abra\u00e7amos cada paciente com um cuidado integral e humano, assegurando que cada aspecto de nossos servi\u00e7os seja impec\u00e1vel. Da escolha de profissionais altamente qualificados \u00e0 ado\u00e7\u00e3o das tecnologias mais avan\u00e7adas, tudo \u00e9 pensado para garantir o bem-estar e satisfa\u00e7\u00e3o de um todo.<\/p>\n<p>A VITA \u00e9 uma cl\u00ednica dermatol\u00f3gica e est\u00e9tica avan\u00e7ada, mas que tamb\u00e9m presta servi\u00e7os m\u00e9dicos em outras \u00e1reas, como ginecologia.<\/p>\n<p>Com uma hist\u00f3ria recheada de tradi\u00e7\u00e3o, um presente de qualidade e um futuro direcionado para a excel\u00eancia cont\u00ednua, seguimos as melhores pr\u00e1ticas do mercado em todos os setores \u2013 qualidade, recursos humanos, seguran\u00e7a do paciente, financeiro, comercial, atendimento e administrativo.<\/p>\n<p>Convidamos voc\u00ea a se juntar a n\u00f3s nesta emocionante jornada. Venha fazer parte da nossa hist\u00f3ria![\/vc_column_text][\/vc_column][\/vc_row]<\/p>\n<\/div>","protected":false},"excerpt":{"rendered":"<p>[vc_row][vc_column][vc_separator][\/vc_column][\/vc_row][vc_row][vc_column][vc_column_text]Quem somos A VITA CL\u00cdNICA \u00e9 um sonho realizado pela nossa fundadora e renomada m\u00e9dica dermatologista, Dra. Roula Kozak. Desde 1998, temos cultivado uma trajet\u00f3ria marcada<span class=\"excerpt-hellip\"> [\u2026]<\/span><\/p>\n","protected":false},"author":2,"featured_media":0,"parent":0,"menu_order":0,"comment_status":"closed","ping_status":"closed","template":"","meta":{"footnotes":""},"class_list":["post-921","page","type-page","status-publish","hentry"],"yoast_head":"<!-- This site is optimized with the Yoast SEO plugin v16.3 - https:\/\/yoast.com\/wordpress\/plugins\/seo\/ -->\n<title>Quem Somos - Vita Cl\u00ednica<\/title>\n<meta name=\"robots\" content=\"index, follow, max-snippet:-1, max-image-preview:large, max-video-preview:-1\" \/>\n<link rel=\"canonical\" href=\"https:\/\/vitadermatologia.com.br\/?page_id=921\" \/>\n<meta property=\"og:locale\" content=\"pt_BR\" \/>\n<meta property=\"og:type\" content=\"article\" \/>\n<meta property=\"og:title\" content=\"Quem Somos - Vita Cl\u00ednica\" \/>\n<meta property=\"og:description\" content=\"[vc_row][vc_column][vc_separator][\/vc_column][\/vc_row][vc_row][vc_column][vc_column_text]Quem somos A VITA CL\u00cdNICA \u00e9 um sonho realizado pela nossa fundadora e renomada m\u00e9dica dermatologista, Dra. Roula Kozak. Desde 1998, temos cultivado uma trajet\u00f3ria marcada [\u2026]\" \/>\n<meta property=\"og:url\" content=\"https:\/\/vitadermatologia.com.br\/?page_id=921\" \/>\n<meta property=\"og:site_name\" content=\"Vita Cl\u00ednica\" \/>\n<meta property=\"article:modified_time\" content=\"2024-04-30T02:11:19+00:00\" \/>\n<meta name=\"twitter:card\" content=\"summary_large_image\" \/>\n<meta name=\"twitter:label1\" content=\"Est. tempo de leitura\">\n\t<meta name=\"twitter:data1\" content=\"2 minutos\">\n<script type=\"application\/ld+json\" class=\"yoast-schema-graph\">{\"@context\":\"https:\/\/schema.org\",\"@graph\":[{\"@type\":\"WebSite\",\"@id\":\"https:\/\/vitadermatologia.com.br\/#website\",\"url\":\"https:\/\/vitadermatologia.com.br\/\",\"name\":\"Vita Cl\\u00ednica\",\"description\":\"Dermatologia\",\"potentialAction\":[{\"@type\":\"SearchAction\",\"target\":\"https:\/\/vitadermatologia.com.br\/?s={search_term_string}\",\"query-input\":\"required name=search_term_string\"}],\"inLanguage\":\"pt-BR\"},{\"@type\":\"WebPage\",\"@id\":\"https:\/\/vitadermatologia.com.br\/?page_id=921#webpage\",\"url\":\"https:\/\/vitadermatologia.com.br\/?page_id=921\",\"name\":\"Quem Somos - Vita Cl\\u00ednica\",\"isPartOf\":{\"@id\":\"https:\/\/vitadermatologia.com.br\/#website\"},\"datePublished\":\"2024-01-30T14:21:33+00:00\",\"dateModified\":\"2024-04-30T02:11:19+00:00\",\"breadcrumb\":{\"@id\":\"https:\/\/vitadermatologia.com.br\/?page_id=921#breadcrumb\"},\"inLanguage\":\"pt-BR\",\"potentialAction\":[{\"@type\":\"ReadAction\",\"target\":[\"https:\/\/vitadermatologia.com.br\/?page_id=921\"]}]},{\"@type\":\"BreadcrumbList\",\"@id\":\"https:\/\/vitadermatologia.com.br\/?page_id=921#breadcrumb\",\"itemListElement\":[{\"@type\":\"ListItem\",\"position\":1,\"item\":{\"@type\":\"WebPage\",\"@id\":\"https:\/\/vitadermatologia.com.br\/\",\"url\":\"https:\/\/vitadermatologia.com.br\/\",\"name\":\"In\\u00edcio\"}},{\"@type\":\"ListItem\",\"position\":2,\"item\":{\"@id\":\"https:\/\/vitadermatologia.com.br\/?page_id=921#webpage\"}}]}]}<\/script>\n<!-- \/ Yoast SEO plugin. -->","_links":{"self":[{"href":"https:\/\/vitadermatologia.com.br\/index.php?rest_route=\/wp\/v2\/pages\/921"}],"collection":[{"href":"https:\/\/vitadermatologia.com.br\/index.php?rest_route=\/wp\/v2\/pages"}],"about":[{"href":"https:\/\/vitadermatologia.com.br\/index.php?rest_route=\/wp\/v2\/types\/page"}],"author":[{"embeddable":true,"href":"https:\/\/vitadermatologia.com.br\/index.php?rest_route=\/wp\/v2\/users\/2"}],"replies":[{"embeddable":true,"href":"https:\/\/vitadermatologia.com.br\/index.php?rest_route=%2Fwp%2Fv2%2Fcomments&post=921"}],"version-history":[{"count":5,"href":"https:\/\/vitadermatologia.com.br\/index.php?rest_route=\/wp\/v2\/pages\/921\/revisions"}],"predecessor-version":[{"id":1218,"href":"https:\/\/vitadermatologia.com.br\/index.php?rest_route=\/wp\/v2\/pages\/921\/revisions\/1218"}],"wp:attachment":[{"href":"https:\/\/vitadermatologia.com.br\/index.php?rest_route=%2Fwp%2Fv2%2Fmedia&parent=921"}],"curies":[{"name":"wp","href":"https:\/\/api.w.org\/{rel}","templated":true}]}}